{"id":34053,"date":"2023-11-05T03:02:19","date_gmt":"2023-11-05T02:02:19","guid":{"rendered":"https:\/\/www.calinboheme.ch\/?post_type=product&#038;p=34053"},"modified":"2026-03-08T04:00:24","modified_gmt":"2026-03-08T03:00:24","slug":"la-boheme-vanille","status":"publish","type":"product","link":"https:\/\/www.calinboheme.ch\/en\/boutique\/accessoires-dentition-bebe\/anneau-de-dentition\/anneau-de-dentition-silicone-bois\/la-boheme-vanille\/","title":{"rendered":"La Boh\u00e8me \u2013 Vanilla \/\/ Wooden teething ring"},"content":{"rendered":"<ul>\n<li>Food-grade silicone, 100 % cotton crochet hooks, and untreated natural wood<\/li>\n<li>BPA and phthalate free<\/li>\n<li>Nickel-free<\/li>\n<li>Do not refrigerate<\/li>\n<li>Clean with soap and water, then wipe with a cloth<\/li>\n<li>Product conforms to the safety requirements applicable to teething products<\/li>\n<\/ul>","protected":false},"excerpt":{"rendered":"<p>A soft, safe and easy-to-grasp teething ring, designed to soothe baby&#039;s teething in style every day.<\/p>","protected":false},"featured_media":34062,"comment_status":"closed","ping_status":"closed","template":"","meta":[],"product_brand":[],"product_cat":[165],"product_tag":[],"class_list":{"0":"post-34053","1":"product","2":"type-product","3":"status-publish","4":"has-post-thumbnail","6":"product_cat-anneau-de-dentition-silicone-bois","8":"first","9":"instock","10":"taxable","11":"shipping-taxable","12":"purchasable","13":"product-type-simple"},"yoast_head":"<!-- This site is optimized with the Yoast SEO plugin v27.4 - https:\/\/yoast.com\/product\/yoast-seo-wordpress\/ -->\n<title>Anneau de dentition en bois et silicone La Boh\u00e8me - Vanille \/\/ Anneau de dentition en bois &#187; C\u00e2lin Boh\u00e8me, Suisse<\/title>\n<meta name=\"description\" content=\"La Boh\u00e8me - Vanille \/\/ Anneau de dentition en bois &#187; bijoux sensoriels, attache-lolettes et accessoires de dentition fait main en silicone et bois en Suisse par C\u00e2lin Boh\u00e8me\" \/>\n<meta name=\"robots\" content=\"index, follow, max-snippet:-1, max-image-preview:large, max-video-preview:-1\" \/>\n<link rel=\"canonical\" href=\"https:\/\/www.calinboheme.ch\/en\/boutique\/accessoires-dentition-bebe\/anneau-de-dentition\/anneau-de-dentition-silicone-bois\/la-boheme-vanille\/\" \/>\n<meta property=\"og:locale\" content=\"en_GB\" \/>\n<meta property=\"og:type\" content=\"article\" \/>\n<meta property=\"og:title\" content=\"Anneau de dentition en bois et silicone La Boh\u00e8me - Vanille \/\/ Anneau de dentition en bois &#187; C\u00e2lin Boh\u00e8me, Suisse\" \/>\n<meta property=\"og:description\" content=\"La Boh\u00e8me - Vanille \/\/ Anneau de dentition en bois &#187; bijoux sensoriels, attache-lolettes et accessoires de dentition fait main en silicone et bois en Suisse par C\u00e2lin Boh\u00e8me\" \/>\n<meta property=\"og:url\" content=\"https:\/\/www.calinboheme.ch\/en\/boutique\/accessoires-dentition-bebe\/anneau-de-dentition\/anneau-de-dentition-silicone-bois\/la-boheme-vanille\/\" \/>\n<meta property=\"og:site_name\" content=\"C\u00e2lin Boh\u00e8me\" \/>\n<meta property=\"article:modified_time\" content=\"2026-03-08T03:00:24+00:00\" \/>\n<meta property=\"og:image\" content=\"https:\/\/www.calinboheme.ch\/wp-content\/uploads\/2022\/04\/la-boheme-vanille-anneau-de-dentition-en-bois-et-silicone.jpg\" \/>\n\t<meta property=\"og:image:width\" content=\"1772\" \/>\n\t<meta property=\"og:image:height\" content=\"2560\" \/>\n\t<meta property=\"og:image:type\" content=\"image\/jpeg\" \/>\n<meta name=\"twitter:card\" content=\"summary_large_image\" \/>\n<meta name=\"twitter:label1\" content=\"Estimated reading time\" \/>\n\t<meta name=\"twitter:data1\" content=\"1 minute\" \/>\n<script type=\"application\/ld+json\" class=\"yoast-schema-graph\">{\"@context\":\"https:\\\/\\\/schema.org\",\"@graph\":[{\"@type\":\"WebPage\",\"@id\":\"https:\\\/\\\/www.calinboheme.ch\\\/boutique\\\/accessoires-dentition-bebe\\\/anneau-de-dentition\\\/anneau-de-dentition-silicone-bois\\\/la-boheme-vanille\\\/\",\"url\":\"https:\\\/\\\/www.calinboheme.ch\\\/boutique\\\/accessoires-dentition-bebe\\\/anneau-de-dentition\\\/anneau-de-dentition-silicone-bois\\\/la-boheme-vanille\\\/\",\"name\":\"Anneau de dentition en bois et silicone La Boh\u00e8me - Vanille \\\/\\\/ Anneau de dentition en bois &#187; C\u00e2lin Boh\u00e8me, Suisse\",\"isPartOf\":{\"@id\":\"https:\\\/\\\/www.calinboheme.ch\\\/#website\"},\"primaryImageOfPage\":{\"@id\":\"https:\\\/\\\/www.calinboheme.ch\\\/boutique\\\/accessoires-dentition-bebe\\\/anneau-de-dentition\\\/anneau-de-dentition-silicone-bois\\\/la-boheme-vanille\\\/#primaryimage\"},\"image\":{\"@id\":\"https:\\\/\\\/www.calinboheme.ch\\\/boutique\\\/accessoires-dentition-bebe\\\/anneau-de-dentition\\\/anneau-de-dentition-silicone-bois\\\/la-boheme-vanille\\\/#primaryimage\"},\"thumbnailUrl\":\"https:\\\/\\\/www.calinboheme.ch\\\/wp-content\\\/uploads\\\/2022\\\/04\\\/la-boheme-vanille-anneau-de-dentition-en-bois-et-silicone.jpg\",\"datePublished\":\"2023-11-05T02:02:19+00:00\",\"dateModified\":\"2026-03-08T03:00:24+00:00\",\"description\":\"La Boh\u00e8me - Vanille \\\/\\\/ Anneau de dentition en bois &#187; bijoux sensoriels, attache-lolettes et accessoires de dentition fait main en silicone et bois en Suisse par C\u00e2lin Boh\u00e8me\",\"breadcrumb\":{\"@id\":\"https:\\\/\\\/www.calinboheme.ch\\\/boutique\\\/accessoires-dentition-bebe\\\/anneau-de-dentition\\\/anneau-de-dentition-silicone-bois\\\/la-boheme-vanille\\\/#breadcrumb\"},\"inLanguage\":\"en-GB\",\"potentialAction\":[{\"@type\":\"ReadAction\",\"target\":[\"https:\\\/\\\/www.calinboheme.ch\\\/boutique\\\/accessoires-dentition-bebe\\\/anneau-de-dentition\\\/anneau-de-dentition-silicone-bois\\\/la-boheme-vanille\\\/\"]}]},{\"@type\":\"ImageObject\",\"inLanguage\":\"en-GB\",\"@id\":\"https:\\\/\\\/www.calinboheme.ch\\\/boutique\\\/accessoires-dentition-bebe\\\/anneau-de-dentition\\\/anneau-de-dentition-silicone-bois\\\/la-boheme-vanille\\\/#primaryimage\",\"url\":\"https:\\\/\\\/www.calinboheme.ch\\\/wp-content\\\/uploads\\\/2022\\\/04\\\/la-boheme-vanille-anneau-de-dentition-en-bois-et-silicone.jpg\",\"contentUrl\":\"https:\\\/\\\/www.calinboheme.ch\\\/wp-content\\\/uploads\\\/2022\\\/04\\\/la-boheme-vanille-anneau-de-dentition-en-bois-et-silicone.jpg\",\"width\":1772,\"height\":2560},{\"@type\":\"BreadcrumbList\",\"@id\":\"https:\\\/\\\/www.calinboheme.ch\\\/boutique\\\/accessoires-dentition-bebe\\\/anneau-de-dentition\\\/anneau-de-dentition-silicone-bois\\\/la-boheme-vanille\\\/#breadcrumb\",\"itemListElement\":[{\"@type\":\"ListItem\",\"position\":1,\"name\":\"Accueil\",\"item\":\"https:\\\/\\\/www.calinboheme.ch\\\/\"},{\"@type\":\"ListItem\",\"position\":2,\"name\":\"Boutique\",\"item\":\"https:\\\/\\\/www.calinboheme.ch\\\/boutique\\\/\"},{\"@type\":\"ListItem\",\"position\":3,\"name\":\"Accessoires de dentition pour b\u00e9b\u00e9\",\"item\":\"https:\\\/\\\/www.calinboheme.ch\\\/shop\\\/accessoires-dentition-bebe\\\/\"},{\"@type\":\"ListItem\",\"position\":4,\"name\":\"Anneau de dentition\",\"item\":\"https:\\\/\\\/www.calinboheme.ch\\\/shop\\\/accessoires-dentition-bebe\\\/anneau-de-dentition\\\/\"},{\"@type\":\"ListItem\",\"position\":5,\"name\":\"Anneau de dentition en bois et silicone\",\"item\":\"https:\\\/\\\/www.calinboheme.ch\\\/shop\\\/accessoires-dentition-bebe\\\/anneau-de-dentition\\\/anneau-de-dentition-silicone-bois\\\/\"},{\"@type\":\"ListItem\",\"position\":6,\"name\":\"La Boh\u00e8me &#8211; Vanille \\\/\\\/ Anneau de dentition en bois\"}]},{\"@type\":\"WebSite\",\"@id\":\"https:\\\/\\\/www.calinboheme.ch\\\/#website\",\"url\":\"https:\\\/\\\/www.calinboheme.ch\\\/\",\"name\":\"C\u00e2lin Boh\u00e8me\",\"description\":\"Bijoux sensoriels, Bijoux maternit\u00e9 &amp; Accessoires de dentition pour b\u00e9b\u00e9\",\"publisher\":{\"@id\":\"https:\\\/\\\/www.calinboheme.ch\\\/#organization\"},\"potentialAction\":[{\"@type\":\"SearchAction\",\"target\":{\"@type\":\"EntryPoint\",\"urlTemplate\":\"https:\\\/\\\/www.calinboheme.ch\\\/?s={search_term_string}\"},\"query-input\":{\"@type\":\"PropertyValueSpecification\",\"valueRequired\":true,\"valueName\":\"search_term_string\"}}],\"inLanguage\":\"en-GB\"},{\"@type\":\"Organization\",\"@id\":\"https:\\\/\\\/www.calinboheme.ch\\\/#organization\",\"name\":\"C\u00e2lin Boh\u00e8me\",\"url\":\"https:\\\/\\\/www.calinboheme.ch\\\/\",\"logo\":{\"@type\":\"ImageObject\",\"inLanguage\":\"en-GB\",\"@id\":\"https:\\\/\\\/www.calinboheme.ch\\\/#\\\/schema\\\/logo\\\/image\\\/\",\"url\":\"https:\\\/\\\/www.calinboheme.ch\\\/wp-content\\\/uploads\\\/2017\\\/09\\\/logo-2.png\",\"contentUrl\":\"https:\\\/\\\/www.calinboheme.ch\\\/wp-content\\\/uploads\\\/2017\\\/09\\\/logo-2.png\",\"width\":512,\"height\":200,\"caption\":\"C\u00e2lin Boh\u00e8me\"},\"image\":{\"@id\":\"https:\\\/\\\/www.calinboheme.ch\\\/#\\\/schema\\\/logo\\\/image\\\/\"},\"sameAs\":[\"https:\\\/\\\/www.instagram.com\\\/calinboheme\\\/\"]}]}<\/script>\n<!-- \/ Yoast SEO plugin. -->","yoast_head_json":{"title":"Anneau de dentition en bois et silicone La Boh\u00e8me - Vanille \/\/ Anneau de dentition en bois &#187; C\u00e2lin Boh\u00e8me, Suisse","description":"La Boh\u00e8me - Vanille \/\/ Anneau de dentition en bois &#187; bijoux sensoriels, attache-lolettes et accessoires de dentition fait main en silicone et bois en Suisse par C\u00e2lin Boh\u00e8me","robots":{"index":"index","follow":"follow","max-snippet":"max-snippet:-1","max-image-preview":"max-image-preview:large","max-video-preview":"max-video-preview:-1"},"canonical":"https:\/\/www.calinboheme.ch\/en\/boutique\/accessoires-dentition-bebe\/anneau-de-dentition\/anneau-de-dentition-silicone-bois\/la-boheme-vanille\/","og_locale":"en_GB","og_type":"article","og_title":"Anneau de dentition en bois et silicone La Boh\u00e8me - Vanille \/\/ Anneau de dentition en bois &#187; C\u00e2lin Boh\u00e8me, Suisse","og_description":"La Boh\u00e8me - Vanille \/\/ Anneau de dentition en bois &#187; bijoux sensoriels, attache-lolettes et accessoires de dentition fait main en silicone et bois en Suisse par C\u00e2lin Boh\u00e8me","og_url":"https:\/\/www.calinboheme.ch\/en\/boutique\/accessoires-dentition-bebe\/anneau-de-dentition\/anneau-de-dentition-silicone-bois\/la-boheme-vanille\/","og_site_name":"C\u00e2lin Boh\u00e8me","article_modified_time":"2026-03-08T03:00:24+00:00","og_image":[{"width":1772,"height":2560,"url":"https:\/\/www.calinboheme.ch\/wp-content\/uploads\/2022\/04\/la-boheme-vanille-anneau-de-dentition-en-bois-et-silicone.jpg","type":"image\/jpeg"}],"twitter_card":"summary_large_image","twitter_misc":{"Estimated reading time":"1 minute"},"schema":{"@context":"https:\/\/schema.org","@graph":[{"@type":"WebPage","@id":"https:\/\/www.calinboheme.ch\/boutique\/accessoires-dentition-bebe\/anneau-de-dentition\/anneau-de-dentition-silicone-bois\/la-boheme-vanille\/","url":"https:\/\/www.calinboheme.ch\/boutique\/accessoires-dentition-bebe\/anneau-de-dentition\/anneau-de-dentition-silicone-bois\/la-boheme-vanille\/","name":"Anneau de dentition en bois et silicone La Boh\u00e8me - Vanille \/\/ Anneau de dentition en bois &#187; C\u00e2lin Boh\u00e8me, Suisse","isPartOf":{"@id":"https:\/\/www.calinboheme.ch\/#website"},"primaryImageOfPage":{"@id":"https:\/\/www.calinboheme.ch\/boutique\/accessoires-dentition-bebe\/anneau-de-dentition\/anneau-de-dentition-silicone-bois\/la-boheme-vanille\/#primaryimage"},"image":{"@id":"https:\/\/www.calinboheme.ch\/boutique\/accessoires-dentition-bebe\/anneau-de-dentition\/anneau-de-dentition-silicone-bois\/la-boheme-vanille\/#primaryimage"},"thumbnailUrl":"https:\/\/www.calinboheme.ch\/wp-content\/uploads\/2022\/04\/la-boheme-vanille-anneau-de-dentition-en-bois-et-silicone.jpg","datePublished":"2023-11-05T02:02:19+00:00","dateModified":"2026-03-08T03:00:24+00:00","description":"La Boh\u00e8me - Vanille \/\/ Anneau de dentition en bois &#187; bijoux sensoriels, attache-lolettes et accessoires de dentition fait main en silicone et bois en Suisse par C\u00e2lin Boh\u00e8me","breadcrumb":{"@id":"https:\/\/www.calinboheme.ch\/boutique\/accessoires-dentition-bebe\/anneau-de-dentition\/anneau-de-dentition-silicone-bois\/la-boheme-vanille\/#breadcrumb"},"inLanguage":"en-GB","potentialAction":[{"@type":"ReadAction","target":["https:\/\/www.calinboheme.ch\/boutique\/accessoires-dentition-bebe\/anneau-de-dentition\/anneau-de-dentition-silicone-bois\/la-boheme-vanille\/"]}]},{"@type":"ImageObject","inLanguage":"en-GB","@id":"https:\/\/www.calinboheme.ch\/boutique\/accessoires-dentition-bebe\/anneau-de-dentition\/anneau-de-dentition-silicone-bois\/la-boheme-vanille\/#primaryimage","url":"https:\/\/www.calinboheme.ch\/wp-content\/uploads\/2022\/04\/la-boheme-vanille-anneau-de-dentition-en-bois-et-silicone.jpg","contentUrl":"https:\/\/www.calinboheme.ch\/wp-content\/uploads\/2022\/04\/la-boheme-vanille-anneau-de-dentition-en-bois-et-silicone.jpg","width":1772,"height":2560},{"@type":"BreadcrumbList","@id":"https:\/\/www.calinboheme.ch\/boutique\/accessoires-dentition-bebe\/anneau-de-dentition\/anneau-de-dentition-silicone-bois\/la-boheme-vanille\/#breadcrumb","itemListElement":[{"@type":"ListItem","position":1,"name":"Accueil","item":"https:\/\/www.calinboheme.ch\/"},{"@type":"ListItem","position":2,"name":"Boutique","item":"https:\/\/www.calinboheme.ch\/boutique\/"},{"@type":"ListItem","position":3,"name":"Accessoires de dentition pour b\u00e9b\u00e9","item":"https:\/\/www.calinboheme.ch\/shop\/accessoires-dentition-bebe\/"},{"@type":"ListItem","position":4,"name":"Anneau de dentition","item":"https:\/\/www.calinboheme.ch\/shop\/accessoires-dentition-bebe\/anneau-de-dentition\/"},{"@type":"ListItem","position":5,"name":"Anneau de dentition en bois et silicone","item":"https:\/\/www.calinboheme.ch\/shop\/accessoires-dentition-bebe\/anneau-de-dentition\/anneau-de-dentition-silicone-bois\/"},{"@type":"ListItem","position":6,"name":"La Boh\u00e8me &#8211; Vanille \/\/ Anneau de dentition en bois"}]},{"@type":"WebSite","@id":"https:\/\/www.calinboheme.ch\/#website","url":"https:\/\/www.calinboheme.ch\/","name":"Bohemian Hug","description":"Sensory Jewelry, Maternity Jewelry &amp; Baby Teething Accessories","publisher":{"@id":"https:\/\/www.calinboheme.ch\/#organization"},"potentialAction":[{"@type":"SearchAction","target":{"@type":"EntryPoint","urlTemplate":"https:\/\/www.calinboheme.ch\/?s={search_term_string}"},"query-input":{"@type":"PropertyValueSpecification","valueRequired":true,"valueName":"search_term_string"}}],"inLanguage":"en-GB"},{"@type":"Organization","@id":"https:\/\/www.calinboheme.ch\/#organization","name":"Bohemian Hug","url":"https:\/\/www.calinboheme.ch\/","logo":{"@type":"ImageObject","inLanguage":"en-GB","@id":"https:\/\/www.calinboheme.ch\/#\/schema\/logo\/image\/","url":"https:\/\/www.calinboheme.ch\/wp-content\/uploads\/2017\/09\/logo-2.png","contentUrl":"https:\/\/www.calinboheme.ch\/wp-content\/uploads\/2017\/09\/logo-2.png","width":512,"height":200,"caption":"C\u00e2lin Boh\u00e8me"},"image":{"@id":"https:\/\/www.calinboheme.ch\/#\/schema\/logo\/image\/"},"sameAs":["https:\/\/www.instagram.com\/calinboheme\/"]}]}},"_links":{"self":[{"href":"https:\/\/www.calinboheme.ch\/en\/wp-json\/wp\/v2\/product\/34053","targetHints":{"allow":["GET"]}}],"collection":[{"href":"https:\/\/www.calinboheme.ch\/en\/wp-json\/wp\/v2\/product"}],"about":[{"href":"https:\/\/www.calinboheme.ch\/en\/wp-json\/wp\/v2\/types\/product"}],"replies":[{"embeddable":true,"href":"https:\/\/www.calinboheme.ch\/en\/wp-json\/wp\/v2\/comments?post=34053"}],"wp:featuredmedia":[{"embeddable":true,"href":"https:\/\/www.calinboheme.ch\/en\/wp-json\/wp\/v2\/media\/34062"}],"wp:attachment":[{"href":"https:\/\/www.calinboheme.ch\/en\/wp-json\/wp\/v2\/media?parent=34053"}],"wp:term":[{"taxonomy":"product_brand","embeddable":true,"href":"https:\/\/www.calinboheme.ch\/en\/wp-json\/wp\/v2\/product_brand?post=34053"},{"taxonomy":"product_cat","embeddable":true,"href":"https:\/\/www.calinboheme.ch\/en\/wp-json\/wp\/v2\/product_cat?post=34053"},{"taxonomy":"product_tag","embeddable":true,"href":"https:\/\/www.calinboheme.ch\/en\/wp-json\/wp\/v2\/product_tag?post=34053"}],"curies":[{"name":"wp","href":"https:\/\/api.w.org\/{rel}","templated":true}]}}