{"id":166403,"date":"2026-02-10T01:30:11","date_gmt":"2026-02-10T00:30:11","guid":{"rendered":"https:\/\/www.calinboheme.ch\/?post_type=product&#038;p=166403"},"modified":"2026-02-10T02:56:46","modified_gmt":"2026-02-10T01:56:46","slug":"hygge-charm-artemis","status":"publish","type":"product","link":"https:\/\/www.calinboheme.ch\/en\/boutique\/porte-cle-charm-bijou-sac-a-main\/hygge-charm-artemis\/","title":{"rendered":"Hygge Charm Artemis \/\/ Handbag charm, Keychain"},"content":{"rendered":"<p>The Hygge Charm is a contemporary lucky charm designed to accompany everyday life with gentleness and intention. Inspired by the hygge philosophy and a hippie-chic style, it can be worn as a keychain, bag charm, or decorative charm.<\/p>\n<ul>\n<li>MANTRA: phrase on a satin ribbon\u00ab\u00a0<strong>LIVE with PASSION here and now<\/strong>&quot;\u00a0<\/li>\n<li>Food grade silicone<\/li>\n<li>Lead- and nickel-free metallic components<\/li>\n<li>Length 12cm without the ribbon<\/li>\n<\/ul>\n<p>Decorative accessory \u2013 for adult use only.<br \/>\nNot intended to be chewed.<\/p>","protected":false},"excerpt":{"rendered":"<p>Le Hygge Charm est un porte-bonheur contemporain pens\u00e9 pour accompagner le quotidien avec douceur et intention. Inspir\u00e9 de la philosophie [&hellip;]<\/p>\n","protected":false},"featured_media":166404,"comment_status":"closed","ping_status":"closed","template":"","meta":[],"product_brand":[],"product_cat":[437,496],"product_tag":[670],"class_list":{"0":"post-166403","1":"product","2":"type-product","3":"status-publish","4":"has-post-thumbnail","6":"product_cat-porte-cle-charm-bijou-sac-a-main","7":"product_cat-zalando","8":"product_tag-hygge-charm","10":"first","11":"instock","12":"taxable","13":"shipping-taxable","14":"purchasable","15":"product-type-simple"},"yoast_head":"<!-- This site is optimized with the Yoast SEO plugin v27.3 - https:\/\/yoast.com\/product\/yoast-seo-wordpress\/ -->\n<title>Porte-cl\u00e9 Hygge Charm Art\u00e9mis \/\/ Bijou sac \u00e0 main, Porte-cl\u00e9s &#187; C\u00e2lin Boh\u00e8me, Suisse<\/title>\n<meta name=\"description\" content=\"Hygge Charm Art\u00e9mis \/\/ Bijou sac \u00e0 main, Porte-cl\u00e9s &#187; bijoux sensoriels, attache-lolettes et accessoires de dentition fait main en silicone et bois en Suisse par C\u00e2lin Boh\u00e8me\" \/>\n<meta name=\"robots\" content=\"index, follow, max-snippet:-1, max-image-preview:large, max-video-preview:-1\" \/>\n<link rel=\"canonical\" href=\"https:\/\/www.calinboheme.ch\/en\/boutique\/porte-cle-charm-bijou-sac-a-main\/hygge-charm-artemis\/\" \/>\n<meta property=\"og:locale\" content=\"en_GB\" \/>\n<meta property=\"og:type\" content=\"article\" \/>\n<meta property=\"og:title\" content=\"Porte-cl\u00e9 Hygge Charm Art\u00e9mis \/\/ Bijou sac \u00e0 main, Porte-cl\u00e9s &#187; C\u00e2lin Boh\u00e8me, Suisse\" \/>\n<meta property=\"og:description\" content=\"Hygge Charm Art\u00e9mis \/\/ Bijou sac \u00e0 main, Porte-cl\u00e9s &#187; bijoux sensoriels, attache-lolettes et accessoires de dentition fait main en silicone et bois en Suisse par C\u00e2lin Boh\u00e8me\" \/>\n<meta property=\"og:url\" content=\"https:\/\/www.calinboheme.ch\/en\/boutique\/porte-cle-charm-bijou-sac-a-main\/hygge-charm-artemis\/\" \/>\n<meta property=\"og:site_name\" content=\"C\u00e2lin Boh\u00e8me\" \/>\n<meta property=\"article:modified_time\" content=\"2026-02-10T01:56:46+00:00\" \/>\n<meta property=\"og:image\" content=\"https:\/\/www.calinboheme.ch\/wp-content\/uploads\/2026\/02\/Artemis26-scaled.jpg\" \/>\n\t<meta property=\"og:image:width\" content=\"1920\" \/>\n\t<meta property=\"og:image:height\" content=\"2560\" \/>\n\t<meta property=\"og:image:type\" content=\"image\/jpeg\" \/>\n<meta name=\"twitter:card\" content=\"summary_large_image\" \/>\n<meta name=\"twitter:label1\" content=\"Estimated reading time\" \/>\n\t<meta name=\"twitter:data1\" content=\"1 minute\" \/>\n<script type=\"application\/ld+json\" class=\"yoast-schema-graph\">{\"@context\":\"https:\\\/\\\/schema.org\",\"@graph\":[{\"@type\":\"WebPage\",\"@id\":\"https:\\\/\\\/www.calinboheme.ch\\\/boutique\\\/porte-cle-charm-bijou-sac-a-main\\\/hygge-charm-artemis\\\/\",\"url\":\"https:\\\/\\\/www.calinboheme.ch\\\/boutique\\\/porte-cle-charm-bijou-sac-a-main\\\/hygge-charm-artemis\\\/\",\"name\":\"Porte-cl\u00e9 Hygge Charm Art\u00e9mis \\\/\\\/ Bijou sac \u00e0 main, Porte-cl\u00e9s &#187; C\u00e2lin Boh\u00e8me, Suisse\",\"isPartOf\":{\"@id\":\"https:\\\/\\\/www.calinboheme.ch\\\/#website\"},\"primaryImageOfPage\":{\"@id\":\"https:\\\/\\\/www.calinboheme.ch\\\/boutique\\\/porte-cle-charm-bijou-sac-a-main\\\/hygge-charm-artemis\\\/#primaryimage\"},\"image\":{\"@id\":\"https:\\\/\\\/www.calinboheme.ch\\\/boutique\\\/porte-cle-charm-bijou-sac-a-main\\\/hygge-charm-artemis\\\/#primaryimage\"},\"thumbnailUrl\":\"https:\\\/\\\/www.calinboheme.ch\\\/wp-content\\\/uploads\\\/2026\\\/02\\\/Artemis26-scaled.jpg\",\"datePublished\":\"2026-02-10T00:30:11+00:00\",\"dateModified\":\"2026-02-10T01:56:46+00:00\",\"description\":\"Hygge Charm Art\u00e9mis \\\/\\\/ Bijou sac \u00e0 main, Porte-cl\u00e9s &#187; bijoux sensoriels, attache-lolettes et accessoires de dentition fait main en silicone et bois en Suisse par C\u00e2lin Boh\u00e8me\",\"breadcrumb\":{\"@id\":\"https:\\\/\\\/www.calinboheme.ch\\\/boutique\\\/porte-cle-charm-bijou-sac-a-main\\\/hygge-charm-artemis\\\/#breadcrumb\"},\"inLanguage\":\"en-GB\",\"potentialAction\":[{\"@type\":\"ReadAction\",\"target\":[\"https:\\\/\\\/www.calinboheme.ch\\\/boutique\\\/porte-cle-charm-bijou-sac-a-main\\\/hygge-charm-artemis\\\/\"]}]},{\"@type\":\"ImageObject\",\"inLanguage\":\"en-GB\",\"@id\":\"https:\\\/\\\/www.calinboheme.ch\\\/boutique\\\/porte-cle-charm-bijou-sac-a-main\\\/hygge-charm-artemis\\\/#primaryimage\",\"url\":\"https:\\\/\\\/www.calinboheme.ch\\\/wp-content\\\/uploads\\\/2026\\\/02\\\/Artemis26-scaled.jpg\",\"contentUrl\":\"https:\\\/\\\/www.calinboheme.ch\\\/wp-content\\\/uploads\\\/2026\\\/02\\\/Artemis26-scaled.jpg\",\"width\":1920,\"height\":2560},{\"@type\":\"BreadcrumbList\",\"@id\":\"https:\\\/\\\/www.calinboheme.ch\\\/boutique\\\/porte-cle-charm-bijou-sac-a-main\\\/hygge-charm-artemis\\\/#breadcrumb\",\"itemListElement\":[{\"@type\":\"ListItem\",\"position\":1,\"name\":\"Accueil\",\"item\":\"https:\\\/\\\/www.calinboheme.ch\\\/\"},{\"@type\":\"ListItem\",\"position\":2,\"name\":\"Boutique\",\"item\":\"https:\\\/\\\/www.calinboheme.ch\\\/boutique\\\/\"},{\"@type\":\"ListItem\",\"position\":3,\"name\":\"Bijoux sac \u00e0 main, Porte-cl\u00e9s Holistique\",\"item\":\"https:\\\/\\\/www.calinboheme.ch\\\/shop\\\/porte-cle-charm-bijou-sac-a-main\\\/\"},{\"@type\":\"ListItem\",\"position\":4,\"name\":\"Hygge Charm Art\u00e9mis \\\/\\\/ Bijou sac \u00e0 main, Porte-cl\u00e9s\"}]},{\"@type\":\"WebSite\",\"@id\":\"https:\\\/\\\/www.calinboheme.ch\\\/#website\",\"url\":\"https:\\\/\\\/www.calinboheme.ch\\\/\",\"name\":\"C\u00e2lin Boh\u00e8me\",\"description\":\"Bijoux sensoriels, Bijoux maternit\u00e9 &amp; Accessoires de dentition pour b\u00e9b\u00e9\",\"publisher\":{\"@id\":\"https:\\\/\\\/www.calinboheme.ch\\\/#organization\"},\"potentialAction\":[{\"@type\":\"SearchAction\",\"target\":{\"@type\":\"EntryPoint\",\"urlTemplate\":\"https:\\\/\\\/www.calinboheme.ch\\\/?s={search_term_string}\"},\"query-input\":{\"@type\":\"PropertyValueSpecification\",\"valueRequired\":true,\"valueName\":\"search_term_string\"}}],\"inLanguage\":\"en-GB\"},{\"@type\":\"Organization\",\"@id\":\"https:\\\/\\\/www.calinboheme.ch\\\/#organization\",\"name\":\"C\u00e2lin Boh\u00e8me\",\"url\":\"https:\\\/\\\/www.calinboheme.ch\\\/\",\"logo\":{\"@type\":\"ImageObject\",\"inLanguage\":\"en-GB\",\"@id\":\"https:\\\/\\\/www.calinboheme.ch\\\/#\\\/schema\\\/logo\\\/image\\\/\",\"url\":\"https:\\\/\\\/www.calinboheme.ch\\\/wp-content\\\/uploads\\\/2017\\\/09\\\/logo-2.png\",\"contentUrl\":\"https:\\\/\\\/www.calinboheme.ch\\\/wp-content\\\/uploads\\\/2017\\\/09\\\/logo-2.png\",\"width\":512,\"height\":200,\"caption\":\"C\u00e2lin Boh\u00e8me\"},\"image\":{\"@id\":\"https:\\\/\\\/www.calinboheme.ch\\\/#\\\/schema\\\/logo\\\/image\\\/\"},\"sameAs\":[\"https:\\\/\\\/www.instagram.com\\\/calinboheme\\\/\"]}]}<\/script>\n<!-- \/ Yoast SEO plugin. -->","yoast_head_json":{"title":"Porte-cl\u00e9 Hygge Charm Art\u00e9mis \/\/ Bijou sac \u00e0 main, Porte-cl\u00e9s &#187; C\u00e2lin Boh\u00e8me, Suisse","description":"Hygge Charm Art\u00e9mis \/\/ Bijou sac \u00e0 main, Porte-cl\u00e9s &#187; bijoux sensoriels, attache-lolettes et accessoires de dentition fait main en silicone et bois en Suisse par C\u00e2lin Boh\u00e8me","robots":{"index":"index","follow":"follow","max-snippet":"max-snippet:-1","max-image-preview":"max-image-preview:large","max-video-preview":"max-video-preview:-1"},"canonical":"https:\/\/www.calinboheme.ch\/en\/boutique\/porte-cle-charm-bijou-sac-a-main\/hygge-charm-artemis\/","og_locale":"en_GB","og_type":"article","og_title":"Porte-cl\u00e9 Hygge Charm Art\u00e9mis \/\/ Bijou sac \u00e0 main, Porte-cl\u00e9s &#187; C\u00e2lin Boh\u00e8me, Suisse","og_description":"Hygge Charm Art\u00e9mis \/\/ Bijou sac \u00e0 main, Porte-cl\u00e9s &#187; bijoux sensoriels, attache-lolettes et accessoires de dentition fait main en silicone et bois en Suisse par C\u00e2lin Boh\u00e8me","og_url":"https:\/\/www.calinboheme.ch\/en\/boutique\/porte-cle-charm-bijou-sac-a-main\/hygge-charm-artemis\/","og_site_name":"C\u00e2lin Boh\u00e8me","article_modified_time":"2026-02-10T01:56:46+00:00","og_image":[{"width":1920,"height":2560,"url":"https:\/\/www.calinboheme.ch\/wp-content\/uploads\/2026\/02\/Artemis26-scaled.jpg","type":"image\/jpeg"}],"twitter_card":"summary_large_image","twitter_misc":{"Estimated reading time":"1 minute"},"schema":{"@context":"https:\/\/schema.org","@graph":[{"@type":"WebPage","@id":"https:\/\/www.calinboheme.ch\/boutique\/porte-cle-charm-bijou-sac-a-main\/hygge-charm-artemis\/","url":"https:\/\/www.calinboheme.ch\/boutique\/porte-cle-charm-bijou-sac-a-main\/hygge-charm-artemis\/","name":"Porte-cl\u00e9 Hygge Charm Art\u00e9mis \/\/ Bijou sac \u00e0 main, Porte-cl\u00e9s &#187; C\u00e2lin Boh\u00e8me, Suisse","isPartOf":{"@id":"https:\/\/www.calinboheme.ch\/#website"},"primaryImageOfPage":{"@id":"https:\/\/www.calinboheme.ch\/boutique\/porte-cle-charm-bijou-sac-a-main\/hygge-charm-artemis\/#primaryimage"},"image":{"@id":"https:\/\/www.calinboheme.ch\/boutique\/porte-cle-charm-bijou-sac-a-main\/hygge-charm-artemis\/#primaryimage"},"thumbnailUrl":"https:\/\/www.calinboheme.ch\/wp-content\/uploads\/2026\/02\/Artemis26-scaled.jpg","datePublished":"2026-02-10T00:30:11+00:00","dateModified":"2026-02-10T01:56:46+00:00","description":"Hygge Charm Art\u00e9mis \/\/ Bijou sac \u00e0 main, Porte-cl\u00e9s &#187; bijoux sensoriels, attache-lolettes et accessoires de dentition fait main en silicone et bois en Suisse par C\u00e2lin Boh\u00e8me","breadcrumb":{"@id":"https:\/\/www.calinboheme.ch\/boutique\/porte-cle-charm-bijou-sac-a-main\/hygge-charm-artemis\/#breadcrumb"},"inLanguage":"en-GB","potentialAction":[{"@type":"ReadAction","target":["https:\/\/www.calinboheme.ch\/boutique\/porte-cle-charm-bijou-sac-a-main\/hygge-charm-artemis\/"]}]},{"@type":"ImageObject","inLanguage":"en-GB","@id":"https:\/\/www.calinboheme.ch\/boutique\/porte-cle-charm-bijou-sac-a-main\/hygge-charm-artemis\/#primaryimage","url":"https:\/\/www.calinboheme.ch\/wp-content\/uploads\/2026\/02\/Artemis26-scaled.jpg","contentUrl":"https:\/\/www.calinboheme.ch\/wp-content\/uploads\/2026\/02\/Artemis26-scaled.jpg","width":1920,"height":2560},{"@type":"BreadcrumbList","@id":"https:\/\/www.calinboheme.ch\/boutique\/porte-cle-charm-bijou-sac-a-main\/hygge-charm-artemis\/#breadcrumb","itemListElement":[{"@type":"ListItem","position":1,"name":"Accueil","item":"https:\/\/www.calinboheme.ch\/"},{"@type":"ListItem","position":2,"name":"Boutique","item":"https:\/\/www.calinboheme.ch\/boutique\/"},{"@type":"ListItem","position":3,"name":"Bijoux sac \u00e0 main, Porte-cl\u00e9s Holistique","item":"https:\/\/www.calinboheme.ch\/shop\/porte-cle-charm-bijou-sac-a-main\/"},{"@type":"ListItem","position":4,"name":"Hygge Charm Art\u00e9mis \/\/ Bijou sac \u00e0 main, Porte-cl\u00e9s"}]},{"@type":"WebSite","@id":"https:\/\/www.calinboheme.ch\/#website","url":"https:\/\/www.calinboheme.ch\/","name":"Bohemian Hug","description":"Sensory Jewelry, Maternity Jewelry &amp; Baby Teething Accessories","publisher":{"@id":"https:\/\/www.calinboheme.ch\/#organization"},"potentialAction":[{"@type":"SearchAction","target":{"@type":"EntryPoint","urlTemplate":"https:\/\/www.calinboheme.ch\/?s={search_term_string}"},"query-input":{"@type":"PropertyValueSpecification","valueRequired":true,"valueName":"search_term_string"}}],"inLanguage":"en-GB"},{"@type":"Organization","@id":"https:\/\/www.calinboheme.ch\/#organization","name":"Bohemian Hug","url":"https:\/\/www.calinboheme.ch\/","logo":{"@type":"ImageObject","inLanguage":"en-GB","@id":"https:\/\/www.calinboheme.ch\/#\/schema\/logo\/image\/","url":"https:\/\/www.calinboheme.ch\/wp-content\/uploads\/2017\/09\/logo-2.png","contentUrl":"https:\/\/www.calinboheme.ch\/wp-content\/uploads\/2017\/09\/logo-2.png","width":512,"height":200,"caption":"C\u00e2lin Boh\u00e8me"},"image":{"@id":"https:\/\/www.calinboheme.ch\/#\/schema\/logo\/image\/"},"sameAs":["https:\/\/www.instagram.com\/calinboheme\/"]}]}},"_links":{"self":[{"href":"https:\/\/www.calinboheme.ch\/en\/wp-json\/wp\/v2\/product\/166403","targetHints":{"allow":["GET"]}}],"collection":[{"href":"https:\/\/www.calinboheme.ch\/en\/wp-json\/wp\/v2\/product"}],"about":[{"href":"https:\/\/www.calinboheme.ch\/en\/wp-json\/wp\/v2\/types\/product"}],"replies":[{"embeddable":true,"href":"https:\/\/www.calinboheme.ch\/en\/wp-json\/wp\/v2\/comments?post=166403"}],"wp:featuredmedia":[{"embeddable":true,"href":"https:\/\/www.calinboheme.ch\/en\/wp-json\/wp\/v2\/media\/166404"}],"wp:attachment":[{"href":"https:\/\/www.calinboheme.ch\/en\/wp-json\/wp\/v2\/media?parent=166403"}],"wp:term":[{"taxonomy":"product_brand","embeddable":true,"href":"https:\/\/www.calinboheme.ch\/en\/wp-json\/wp\/v2\/product_brand?post=166403"},{"taxonomy":"product_cat","embeddable":true,"href":"https:\/\/www.calinboheme.ch\/en\/wp-json\/wp\/v2\/product_cat?post=166403"},{"taxonomy":"product_tag","embeddable":true,"href":"https:\/\/www.calinboheme.ch\/en\/wp-json\/wp\/v2\/product_tag?post=166403"}],"curies":[{"name":"wp","href":"https:\/\/api.w.org\/{rel}","templated":true}]}}