{"id":117524,"date":"2026-01-17T16:44:51","date_gmt":"2026-01-17T15:44:51","guid":{"rendered":"https:\/\/www.calinboheme.ch\/?post_type=product&#038;p=117524"},"modified":"2026-03-08T03:53:35","modified_gmt":"2026-03-08T02:53:35","slug":"hippo-boho-attache-tetine","status":"publish","type":"product","link":"https:\/\/www.calinboheme.ch\/en\/boutique\/attache-lolette-personnalisee\/attache-sucette-silicone-bois-collection-signature\/hippo-boho-attache-tetine\/","title":{"rendered":"Hippo Boho \/\/ Pacifier Clip"},"content":{"rendered":"<p><strong>Signature Collection<\/strong><br \/>\nHandcrafted pacifier clips designed as decorative accessories, with bold shapes and colors.<\/p>\n<p><strong>Important information<\/strong><\/p>\n<ul>\n<li>Decorative handcrafted accessory<\/li>\n<li>Handcrafted pacifier clip assembled by hand in Switzerland using artisanal methods that pay close attention to detail and finishing.<\/li>\n<li>Product intended for use under adult supervision<\/li>\n<li>This product is not a toy<\/li>\n<li>Regularly check the condition of the accessory.<\/li>\n<li>Remove the product if there are any signs of wear or deterioration.<\/li>\n<\/ul>\n<p><strong>Materials<\/strong><\/p>\n<ul>\n<li>Food-grade silicone beads and natural wood beads<\/li>\n<li>Food-grade silicone clip<\/li>\n<li>Metal components made of stainless steel, lead and nickel free.<\/li>\n<\/ul>\n<p><strong>Dimensions<\/strong><\/p>\n<p>Approximate length of the pacifier clip (excluding clip): approximately 22 cm.<br \/>\nAs each creation is assembled by hand, slight variations may exist.<\/p>\n<p><strong>Personalization<\/strong><\/p>\n<p>The length of the model is maintained during personalization: some decorative beads can be replaced by letters in order to preserve the proportions of the design.<\/p>\n<p><strong>Free MAM adapter<\/strong><\/p>\n<p>C\u00e2lin Boh\u00e8me offers a silicone adapter for MAM brand pacifiers.<\/p>","protected":false},"excerpt":{"rendered":"<p>A pretty, practical and personalized pacifier clip, designed to keep the pacifier always within reach.<\/p>","protected":false},"featured_media":117527,"comment_status":"closed","ping_status":"closed","template":"","meta":[],"product_brand":[],"product_cat":[701],"product_tag":[],"class_list":{"0":"post-117524","1":"product","2":"type-product","3":"status-publish","4":"has-post-thumbnail","6":"product_cat-attache-sucette-silicone-bois-collection-signature","8":"first","9":"instock","10":"taxable","11":"shipping-taxable","12":"purchasable","13":"product-type-simple"},"yoast_head":"<!-- This site is optimized with the Yoast SEO plugin v27.3 - https:\/\/yoast.com\/product\/yoast-seo-wordpress\/ -->\n<title>Attache-sucette en silicone et bois Hippo Boho \/\/ Attache-lolette &#187; C\u00e2lin Boh\u00e8me, Suisse<\/title>\n<meta name=\"description\" content=\"Hippo Boho \/\/ Attache-lolette &#187; bijoux sensoriels, attache-lolettes et accessoires de dentition fait main en silicone et bois en Suisse par C\u00e2lin Boh\u00e8me\" \/>\n<meta name=\"robots\" content=\"index, follow, max-snippet:-1, max-image-preview:large, max-video-preview:-1\" \/>\n<link rel=\"canonical\" href=\"https:\/\/www.calinboheme.ch\/en\/boutique\/attache-lolette-personnalisee\/attache-sucette-silicone-bois-collection-signature\/hippo-boho-attache-tetine\/\" \/>\n<meta property=\"og:locale\" content=\"en_GB\" \/>\n<meta property=\"og:type\" content=\"article\" \/>\n<meta property=\"og:title\" content=\"Attache-sucette en silicone et bois Hippo Boho \/\/ Attache-lolette &#187; C\u00e2lin Boh\u00e8me, Suisse\" \/>\n<meta property=\"og:description\" content=\"Hippo Boho \/\/ Attache-lolette &#187; bijoux sensoriels, attache-lolettes et accessoires de dentition fait main en silicone et bois en Suisse par C\u00e2lin Boh\u00e8me\" \/>\n<meta property=\"og:url\" content=\"https:\/\/www.calinboheme.ch\/en\/boutique\/attache-lolette-personnalisee\/attache-sucette-silicone-bois-collection-signature\/hippo-boho-attache-tetine\/\" \/>\n<meta property=\"og:site_name\" content=\"C\u00e2lin Boh\u00e8me\" \/>\n<meta property=\"article:modified_time\" content=\"2026-03-08T02:53:35+00:00\" \/>\n<meta property=\"og:image\" content=\"https:\/\/www.calinboheme.ch\/wp-content\/uploads\/2026\/01\/HippoBoho-scaled.jpeg\" \/>\n\t<meta property=\"og:image:width\" content=\"1920\" \/>\n\t<meta property=\"og:image:height\" content=\"2560\" \/>\n\t<meta property=\"og:image:type\" content=\"image\/jpeg\" \/>\n<meta name=\"twitter:card\" content=\"summary_large_image\" \/>\n<meta name=\"twitter:label1\" content=\"Estimated reading time\" \/>\n\t<meta name=\"twitter:data1\" content=\"2 minutes\" \/>\n<script type=\"application\/ld+json\" class=\"yoast-schema-graph\">{\"@context\":\"https:\\\/\\\/schema.org\",\"@graph\":[{\"@type\":\"WebPage\",\"@id\":\"https:\\\/\\\/www.calinboheme.ch\\\/boutique\\\/attache-lolette-personnalisee\\\/attache-sucette-silicone-bois-collection-signature\\\/hippo-boho-attache-tetine\\\/\",\"url\":\"https:\\\/\\\/www.calinboheme.ch\\\/boutique\\\/attache-lolette-personnalisee\\\/attache-sucette-silicone-bois-collection-signature\\\/hippo-boho-attache-tetine\\\/\",\"name\":\"Attache-sucette en silicone et bois Hippo Boho \\\/\\\/ Attache-lolette &#187; C\u00e2lin Boh\u00e8me, Suisse\",\"isPartOf\":{\"@id\":\"https:\\\/\\\/www.calinboheme.ch\\\/#website\"},\"primaryImageOfPage\":{\"@id\":\"https:\\\/\\\/www.calinboheme.ch\\\/boutique\\\/attache-lolette-personnalisee\\\/attache-sucette-silicone-bois-collection-signature\\\/hippo-boho-attache-tetine\\\/#primaryimage\"},\"image\":{\"@id\":\"https:\\\/\\\/www.calinboheme.ch\\\/boutique\\\/attache-lolette-personnalisee\\\/attache-sucette-silicone-bois-collection-signature\\\/hippo-boho-attache-tetine\\\/#primaryimage\"},\"thumbnailUrl\":\"https:\\\/\\\/www.calinboheme.ch\\\/wp-content\\\/uploads\\\/2026\\\/01\\\/HippoBoho-scaled.jpeg\",\"datePublished\":\"2026-01-17T15:44:51+00:00\",\"dateModified\":\"2026-03-08T02:53:35+00:00\",\"description\":\"Hippo Boho \\\/\\\/ Attache-lolette &#187; bijoux sensoriels, attache-lolettes et accessoires de dentition fait main en silicone et bois en Suisse par C\u00e2lin Boh\u00e8me\",\"breadcrumb\":{\"@id\":\"https:\\\/\\\/www.calinboheme.ch\\\/boutique\\\/attache-lolette-personnalisee\\\/attache-sucette-silicone-bois-collection-signature\\\/hippo-boho-attache-tetine\\\/#breadcrumb\"},\"inLanguage\":\"en-GB\",\"potentialAction\":[{\"@type\":\"ReadAction\",\"target\":[\"https:\\\/\\\/www.calinboheme.ch\\\/boutique\\\/attache-lolette-personnalisee\\\/attache-sucette-silicone-bois-collection-signature\\\/hippo-boho-attache-tetine\\\/\"]}]},{\"@type\":\"ImageObject\",\"inLanguage\":\"en-GB\",\"@id\":\"https:\\\/\\\/www.calinboheme.ch\\\/boutique\\\/attache-lolette-personnalisee\\\/attache-sucette-silicone-bois-collection-signature\\\/hippo-boho-attache-tetine\\\/#primaryimage\",\"url\":\"https:\\\/\\\/www.calinboheme.ch\\\/wp-content\\\/uploads\\\/2026\\\/01\\\/HippoBoho-scaled.jpeg\",\"contentUrl\":\"https:\\\/\\\/www.calinboheme.ch\\\/wp-content\\\/uploads\\\/2026\\\/01\\\/HippoBoho-scaled.jpeg\",\"width\":1920,\"height\":2560},{\"@type\":\"BreadcrumbList\",\"@id\":\"https:\\\/\\\/www.calinboheme.ch\\\/boutique\\\/attache-lolette-personnalisee\\\/attache-sucette-silicone-bois-collection-signature\\\/hippo-boho-attache-tetine\\\/#breadcrumb\",\"itemListElement\":[{\"@type\":\"ListItem\",\"position\":1,\"name\":\"Accueil\",\"item\":\"https:\\\/\\\/www.calinboheme.ch\\\/\"},{\"@type\":\"ListItem\",\"position\":2,\"name\":\"Boutique\",\"item\":\"https:\\\/\\\/www.calinboheme.ch\\\/boutique\\\/\"},{\"@type\":\"ListItem\",\"position\":3,\"name\":\"Attache Lolette Personnalis\u00e9e\",\"item\":\"https:\\\/\\\/www.calinboheme.ch\\\/shop\\\/attache-lolette-personnalisee\\\/\"},{\"@type\":\"ListItem\",\"position\":4,\"name\":\"Attache-sucette en silicone et bois \u2013 Collection Signature\",\"item\":\"https:\\\/\\\/www.calinboheme.ch\\\/shop\\\/attache-lolette-personnalisee\\\/attache-sucette-silicone-bois-collection-signature\\\/\"},{\"@type\":\"ListItem\",\"position\":5,\"name\":\"Hippo Boho \\\/\\\/ Attache-t\u00e9tine\"}]},{\"@type\":\"WebSite\",\"@id\":\"https:\\\/\\\/www.calinboheme.ch\\\/#website\",\"url\":\"https:\\\/\\\/www.calinboheme.ch\\\/\",\"name\":\"C\u00e2lin Boh\u00e8me\",\"description\":\"Bijoux sensoriels, Bijoux maternit\u00e9 &amp; Accessoires de dentition pour b\u00e9b\u00e9\",\"publisher\":{\"@id\":\"https:\\\/\\\/www.calinboheme.ch\\\/#organization\"},\"potentialAction\":[{\"@type\":\"SearchAction\",\"target\":{\"@type\":\"EntryPoint\",\"urlTemplate\":\"https:\\\/\\\/www.calinboheme.ch\\\/?s={search_term_string}\"},\"query-input\":{\"@type\":\"PropertyValueSpecification\",\"valueRequired\":true,\"valueName\":\"search_term_string\"}}],\"inLanguage\":\"en-GB\"},{\"@type\":\"Organization\",\"@id\":\"https:\\\/\\\/www.calinboheme.ch\\\/#organization\",\"name\":\"C\u00e2lin Boh\u00e8me\",\"url\":\"https:\\\/\\\/www.calinboheme.ch\\\/\",\"logo\":{\"@type\":\"ImageObject\",\"inLanguage\":\"en-GB\",\"@id\":\"https:\\\/\\\/www.calinboheme.ch\\\/#\\\/schema\\\/logo\\\/image\\\/\",\"url\":\"https:\\\/\\\/www.calinboheme.ch\\\/wp-content\\\/uploads\\\/2017\\\/09\\\/logo-2.png\",\"contentUrl\":\"https:\\\/\\\/www.calinboheme.ch\\\/wp-content\\\/uploads\\\/2017\\\/09\\\/logo-2.png\",\"width\":512,\"height\":200,\"caption\":\"C\u00e2lin Boh\u00e8me\"},\"image\":{\"@id\":\"https:\\\/\\\/www.calinboheme.ch\\\/#\\\/schema\\\/logo\\\/image\\\/\"},\"sameAs\":[\"https:\\\/\\\/www.instagram.com\\\/calinboheme\\\/\"]}]}<\/script>\n<!-- \/ Yoast SEO plugin. -->","yoast_head_json":{"title":"Attache-sucette en silicone et bois Hippo Boho \/\/ Attache-lolette &#187; C\u00e2lin Boh\u00e8me, Suisse","description":"Hippo Boho \/\/ Attache-lolette &#187; bijoux sensoriels, attache-lolettes et accessoires de dentition fait main en silicone et bois en Suisse par C\u00e2lin Boh\u00e8me","robots":{"index":"index","follow":"follow","max-snippet":"max-snippet:-1","max-image-preview":"max-image-preview:large","max-video-preview":"max-video-preview:-1"},"canonical":"https:\/\/www.calinboheme.ch\/en\/boutique\/attache-lolette-personnalisee\/attache-sucette-silicone-bois-collection-signature\/hippo-boho-attache-tetine\/","og_locale":"en_GB","og_type":"article","og_title":"Attache-sucette en silicone et bois Hippo Boho \/\/ Attache-lolette &#187; C\u00e2lin Boh\u00e8me, Suisse","og_description":"Hippo Boho \/\/ Attache-lolette &#187; bijoux sensoriels, attache-lolettes et accessoires de dentition fait main en silicone et bois en Suisse par C\u00e2lin Boh\u00e8me","og_url":"https:\/\/www.calinboheme.ch\/en\/boutique\/attache-lolette-personnalisee\/attache-sucette-silicone-bois-collection-signature\/hippo-boho-attache-tetine\/","og_site_name":"C\u00e2lin Boh\u00e8me","article_modified_time":"2026-03-08T02:53:35+00:00","og_image":[{"width":1920,"height":2560,"url":"https:\/\/www.calinboheme.ch\/wp-content\/uploads\/2026\/01\/HippoBoho-scaled.jpeg","type":"image\/jpeg"}],"twitter_card":"summary_large_image","twitter_misc":{"Estimated reading time":"2 minutes"},"schema":{"@context":"https:\/\/schema.org","@graph":[{"@type":"WebPage","@id":"https:\/\/www.calinboheme.ch\/boutique\/attache-lolette-personnalisee\/attache-sucette-silicone-bois-collection-signature\/hippo-boho-attache-tetine\/","url":"https:\/\/www.calinboheme.ch\/boutique\/attache-lolette-personnalisee\/attache-sucette-silicone-bois-collection-signature\/hippo-boho-attache-tetine\/","name":"Attache-sucette en silicone et bois Hippo Boho \/\/ Attache-lolette &#187; C\u00e2lin Boh\u00e8me, Suisse","isPartOf":{"@id":"https:\/\/www.calinboheme.ch\/#website"},"primaryImageOfPage":{"@id":"https:\/\/www.calinboheme.ch\/boutique\/attache-lolette-personnalisee\/attache-sucette-silicone-bois-collection-signature\/hippo-boho-attache-tetine\/#primaryimage"},"image":{"@id":"https:\/\/www.calinboheme.ch\/boutique\/attache-lolette-personnalisee\/attache-sucette-silicone-bois-collection-signature\/hippo-boho-attache-tetine\/#primaryimage"},"thumbnailUrl":"https:\/\/www.calinboheme.ch\/wp-content\/uploads\/2026\/01\/HippoBoho-scaled.jpeg","datePublished":"2026-01-17T15:44:51+00:00","dateModified":"2026-03-08T02:53:35+00:00","description":"Hippo Boho \/\/ Attache-lolette &#187; bijoux sensoriels, attache-lolettes et accessoires de dentition fait main en silicone et bois en Suisse par C\u00e2lin Boh\u00e8me","breadcrumb":{"@id":"https:\/\/www.calinboheme.ch\/boutique\/attache-lolette-personnalisee\/attache-sucette-silicone-bois-collection-signature\/hippo-boho-attache-tetine\/#breadcrumb"},"inLanguage":"en-GB","potentialAction":[{"@type":"ReadAction","target":["https:\/\/www.calinboheme.ch\/boutique\/attache-lolette-personnalisee\/attache-sucette-silicone-bois-collection-signature\/hippo-boho-attache-tetine\/"]}]},{"@type":"ImageObject","inLanguage":"en-GB","@id":"https:\/\/www.calinboheme.ch\/boutique\/attache-lolette-personnalisee\/attache-sucette-silicone-bois-collection-signature\/hippo-boho-attache-tetine\/#primaryimage","url":"https:\/\/www.calinboheme.ch\/wp-content\/uploads\/2026\/01\/HippoBoho-scaled.jpeg","contentUrl":"https:\/\/www.calinboheme.ch\/wp-content\/uploads\/2026\/01\/HippoBoho-scaled.jpeg","width":1920,"height":2560},{"@type":"BreadcrumbList","@id":"https:\/\/www.calinboheme.ch\/boutique\/attache-lolette-personnalisee\/attache-sucette-silicone-bois-collection-signature\/hippo-boho-attache-tetine\/#breadcrumb","itemListElement":[{"@type":"ListItem","position":1,"name":"Accueil","item":"https:\/\/www.calinboheme.ch\/"},{"@type":"ListItem","position":2,"name":"Boutique","item":"https:\/\/www.calinboheme.ch\/boutique\/"},{"@type":"ListItem","position":3,"name":"Attache Lolette Personnalis\u00e9e","item":"https:\/\/www.calinboheme.ch\/shop\/attache-lolette-personnalisee\/"},{"@type":"ListItem","position":4,"name":"Attache-sucette en silicone et bois \u2013 Collection Signature","item":"https:\/\/www.calinboheme.ch\/shop\/attache-lolette-personnalisee\/attache-sucette-silicone-bois-collection-signature\/"},{"@type":"ListItem","position":5,"name":"Hippo Boho \/\/ Attache-t\u00e9tine"}]},{"@type":"WebSite","@id":"https:\/\/www.calinboheme.ch\/#website","url":"https:\/\/www.calinboheme.ch\/","name":"Bohemian Hug","description":"Sensory Jewelry, Maternity Jewelry &amp; Baby Teething Accessories","publisher":{"@id":"https:\/\/www.calinboheme.ch\/#organization"},"potentialAction":[{"@type":"SearchAction","target":{"@type":"EntryPoint","urlTemplate":"https:\/\/www.calinboheme.ch\/?s={search_term_string}"},"query-input":{"@type":"PropertyValueSpecification","valueRequired":true,"valueName":"search_term_string"}}],"inLanguage":"en-GB"},{"@type":"Organization","@id":"https:\/\/www.calinboheme.ch\/#organization","name":"Bohemian Hug","url":"https:\/\/www.calinboheme.ch\/","logo":{"@type":"ImageObject","inLanguage":"en-GB","@id":"https:\/\/www.calinboheme.ch\/#\/schema\/logo\/image\/","url":"https:\/\/www.calinboheme.ch\/wp-content\/uploads\/2017\/09\/logo-2.png","contentUrl":"https:\/\/www.calinboheme.ch\/wp-content\/uploads\/2017\/09\/logo-2.png","width":512,"height":200,"caption":"C\u00e2lin Boh\u00e8me"},"image":{"@id":"https:\/\/www.calinboheme.ch\/#\/schema\/logo\/image\/"},"sameAs":["https:\/\/www.instagram.com\/calinboheme\/"]}]}},"_links":{"self":[{"href":"https:\/\/www.calinboheme.ch\/en\/wp-json\/wp\/v2\/product\/117524","targetHints":{"allow":["GET"]}}],"collection":[{"href":"https:\/\/www.calinboheme.ch\/en\/wp-json\/wp\/v2\/product"}],"about":[{"href":"https:\/\/www.calinboheme.ch\/en\/wp-json\/wp\/v2\/types\/product"}],"replies":[{"embeddable":true,"href":"https:\/\/www.calinboheme.ch\/en\/wp-json\/wp\/v2\/comments?post=117524"}],"wp:featuredmedia":[{"embeddable":true,"href":"https:\/\/www.calinboheme.ch\/en\/wp-json\/wp\/v2\/media\/117527"}],"wp:attachment":[{"href":"https:\/\/www.calinboheme.ch\/en\/wp-json\/wp\/v2\/media?parent=117524"}],"wp:term":[{"taxonomy":"product_brand","embeddable":true,"href":"https:\/\/www.calinboheme.ch\/en\/wp-json\/wp\/v2\/product_brand?post=117524"},{"taxonomy":"product_cat","embeddable":true,"href":"https:\/\/www.calinboheme.ch\/en\/wp-json\/wp\/v2\/product_cat?post=117524"},{"taxonomy":"product_tag","embeddable":true,"href":"https:\/\/www.calinboheme.ch\/en\/wp-json\/wp\/v2\/product_tag?post=117524"}],"curies":[{"name":"wp","href":"https:\/\/api.w.org\/{rel}","templated":true}]}}