{"id":116080,"date":"2023-10-09T22:35:38","date_gmt":"2023-10-09T20:35:38","guid":{"rendered":"https:\/\/www.calinboheme.ch\/?post_type=product&#038;p=116080"},"modified":"2026-03-08T04:20:50","modified_gmt":"2026-03-08T03:20:50","slug":"kitcat-collier-non-toxique-pour-enfant-chat","status":"publish","type":"product","link":"https:\/\/www.calinboheme.ch\/en\/boutique\/bijoux-pour-enfants\/collier-enfant-silicone-bois\/kitcat-collier-non-toxique-pour-enfant-chat\/","title":{"rendered":"KitCat \/\/ Cat collar for children"},"content":{"rendered":"<p><b>Carefully crafted, designed for everyday use<\/b><\/p>\n<ul>\n<li>Food grade silicone and natural wood beads<\/li>\n<li>BPA and phthalate free<\/li>\n<li>Product intended for children aged 3 and over, compliant with applicable safety requirements in Switzerland and Europe<\/li>\n<li>Safety clasp that opens automatically in case of excessive pulling, in order to limit pressure on the neck<\/li>\n<li>Length: approx. 45 cm<\/li>\n<\/ul>","protected":false},"excerpt":{"rendered":"<p>A soft, lightweight and comfortable children&#039;s necklace, designed to combine play, style and everyday comfort.<\/p>","protected":false},"featured_media":116082,"comment_status":"closed","ping_status":"closed","template":"","meta":[],"product_brand":[],"product_cat":[211,496],"product_tag":[],"class_list":{"0":"post-116080","1":"product","2":"type-product","3":"status-publish","4":"has-post-thumbnail","6":"product_cat-collier-enfant-silicone-bois","7":"product_cat-zalando","9":"first","10":"instock","11":"featured","12":"taxable","13":"shipping-taxable","14":"purchasable","15":"product-type-simple"},"yoast_head":"<!-- This site is optimized with the Yoast SEO plugin v27.3 - https:\/\/yoast.com\/product\/yoast-seo-wordpress\/ -->\n<title>KitCat \/\/ Collier pour enfant chat &#187; C\u00e2lin Boh\u00e8me, Suisse<\/title>\n<meta name=\"description\" content=\"KitCat \/\/ Collier pour enfant chat &#187; bijoux sensoriels, attache-lolettes et accessoires de dentition fait main en silicone et bois en Suisse par C\u00e2lin Boh\u00e8me\" \/>\n<meta name=\"robots\" content=\"index, follow, max-snippet:-1, max-image-preview:large, max-video-preview:-1\" \/>\n<link rel=\"canonical\" href=\"https:\/\/www.calinboheme.ch\/en\/boutique\/bijoux-pour-enfants\/collier-enfant-silicone-bois\/kitcat-collier-non-toxique-pour-enfant-chat\/\" \/>\n<meta property=\"og:locale\" content=\"en_GB\" \/>\n<meta property=\"og:type\" content=\"article\" \/>\n<meta property=\"og:title\" content=\"KitCat \/\/ Collier pour enfant chat &#187; C\u00e2lin Boh\u00e8me, Suisse\" \/>\n<meta property=\"og:description\" content=\"KitCat \/\/ Collier pour enfant chat &#187; bijoux sensoriels, attache-lolettes et accessoires de dentition fait main en silicone et bois en Suisse par C\u00e2lin Boh\u00e8me\" \/>\n<meta property=\"og:url\" content=\"https:\/\/www.calinboheme.ch\/en\/boutique\/bijoux-pour-enfants\/collier-enfant-silicone-bois\/kitcat-collier-non-toxique-pour-enfant-chat\/\" \/>\n<meta property=\"og:site_name\" content=\"C\u00e2lin Boh\u00e8me\" \/>\n<meta property=\"article:modified_time\" content=\"2026-03-08T03:20:50+00:00\" \/>\n<meta property=\"og:image\" content=\"https:\/\/www.calinboheme.ch\/wp-content\/uploads\/2023\/10\/KitCat-1-scaled.jpg\" \/>\n\t<meta property=\"og:image:width\" content=\"1920\" \/>\n\t<meta property=\"og:image:height\" content=\"2560\" \/>\n\t<meta property=\"og:image:type\" content=\"image\/jpeg\" \/>\n<meta name=\"twitter:card\" content=\"summary_large_image\" \/>\n<meta name=\"twitter:label1\" content=\"Estimated reading time\" \/>\n\t<meta name=\"twitter:data1\" content=\"1 minute\" \/>\n<script type=\"application\/ld+json\" class=\"yoast-schema-graph\">{\"@context\":\"https:\\\/\\\/schema.org\",\"@graph\":[{\"@type\":\"WebPage\",\"@id\":\"https:\\\/\\\/www.calinboheme.ch\\\/boutique\\\/bijoux-pour-enfants\\\/collier-enfant-silicone-bois\\\/kitcat-collier-non-toxique-pour-enfant-chat\\\/\",\"url\":\"https:\\\/\\\/www.calinboheme.ch\\\/boutique\\\/bijoux-pour-enfants\\\/collier-enfant-silicone-bois\\\/kitcat-collier-non-toxique-pour-enfant-chat\\\/\",\"name\":\"KitCat \\\/\\\/ Collier pour enfant chat &#187; C\u00e2lin Boh\u00e8me, Suisse\",\"isPartOf\":{\"@id\":\"https:\\\/\\\/www.calinboheme.ch\\\/#website\"},\"primaryImageOfPage\":{\"@id\":\"https:\\\/\\\/www.calinboheme.ch\\\/boutique\\\/bijoux-pour-enfants\\\/collier-enfant-silicone-bois\\\/kitcat-collier-non-toxique-pour-enfant-chat\\\/#primaryimage\"},\"image\":{\"@id\":\"https:\\\/\\\/www.calinboheme.ch\\\/boutique\\\/bijoux-pour-enfants\\\/collier-enfant-silicone-bois\\\/kitcat-collier-non-toxique-pour-enfant-chat\\\/#primaryimage\"},\"thumbnailUrl\":\"https:\\\/\\\/www.calinboheme.ch\\\/wp-content\\\/uploads\\\/2023\\\/10\\\/KitCat-1-scaled.jpg\",\"datePublished\":\"2023-10-09T20:35:38+00:00\",\"dateModified\":\"2026-03-08T03:20:50+00:00\",\"description\":\"KitCat \\\/\\\/ Collier pour enfant chat &#187; bijoux sensoriels, attache-lolettes et accessoires de dentition fait main en silicone et bois en Suisse par C\u00e2lin Boh\u00e8me\",\"breadcrumb\":{\"@id\":\"https:\\\/\\\/www.calinboheme.ch\\\/boutique\\\/bijoux-pour-enfants\\\/collier-enfant-silicone-bois\\\/kitcat-collier-non-toxique-pour-enfant-chat\\\/#breadcrumb\"},\"inLanguage\":\"en-GB\",\"potentialAction\":[{\"@type\":\"ReadAction\",\"target\":[\"https:\\\/\\\/www.calinboheme.ch\\\/boutique\\\/bijoux-pour-enfants\\\/collier-enfant-silicone-bois\\\/kitcat-collier-non-toxique-pour-enfant-chat\\\/\"]}]},{\"@type\":\"ImageObject\",\"inLanguage\":\"en-GB\",\"@id\":\"https:\\\/\\\/www.calinboheme.ch\\\/boutique\\\/bijoux-pour-enfants\\\/collier-enfant-silicone-bois\\\/kitcat-collier-non-toxique-pour-enfant-chat\\\/#primaryimage\",\"url\":\"https:\\\/\\\/www.calinboheme.ch\\\/wp-content\\\/uploads\\\/2023\\\/10\\\/KitCat-1-scaled.jpg\",\"contentUrl\":\"https:\\\/\\\/www.calinboheme.ch\\\/wp-content\\\/uploads\\\/2023\\\/10\\\/KitCat-1-scaled.jpg\",\"width\":1920,\"height\":2560},{\"@type\":\"BreadcrumbList\",\"@id\":\"https:\\\/\\\/www.calinboheme.ch\\\/boutique\\\/bijoux-pour-enfants\\\/collier-enfant-silicone-bois\\\/kitcat-collier-non-toxique-pour-enfant-chat\\\/#breadcrumb\",\"itemListElement\":[{\"@type\":\"ListItem\",\"position\":1,\"name\":\"Accueil\",\"item\":\"https:\\\/\\\/www.calinboheme.ch\\\/\"},{\"@type\":\"ListItem\",\"position\":2,\"name\":\"Boutique\",\"item\":\"https:\\\/\\\/www.calinboheme.ch\\\/boutique\\\/\"},{\"@type\":\"ListItem\",\"position\":3,\"name\":\"Bijoux pour enfants 3+\",\"item\":\"https:\\\/\\\/www.calinboheme.ch\\\/shop\\\/bijoux-pour-enfants\\\/\"},{\"@type\":\"ListItem\",\"position\":4,\"name\":\"Collier pour enfants 3+\",\"item\":\"https:\\\/\\\/www.calinboheme.ch\\\/shop\\\/bijoux-pour-enfants\\\/collier-enfant-silicone-bois\\\/\"},{\"@type\":\"ListItem\",\"position\":5,\"name\":\"KitCat \\\/\\\/ Collier non toxique pour enfant chat\"}]},{\"@type\":\"WebSite\",\"@id\":\"https:\\\/\\\/www.calinboheme.ch\\\/#website\",\"url\":\"https:\\\/\\\/www.calinboheme.ch\\\/\",\"name\":\"C\u00e2lin Boh\u00e8me\",\"description\":\"Bijoux sensoriels, Bijoux maternit\u00e9 &amp; Accessoires de dentition pour b\u00e9b\u00e9\",\"publisher\":{\"@id\":\"https:\\\/\\\/www.calinboheme.ch\\\/#organization\"},\"potentialAction\":[{\"@type\":\"SearchAction\",\"target\":{\"@type\":\"EntryPoint\",\"urlTemplate\":\"https:\\\/\\\/www.calinboheme.ch\\\/?s={search_term_string}\"},\"query-input\":{\"@type\":\"PropertyValueSpecification\",\"valueRequired\":true,\"valueName\":\"search_term_string\"}}],\"inLanguage\":\"en-GB\"},{\"@type\":\"Organization\",\"@id\":\"https:\\\/\\\/www.calinboheme.ch\\\/#organization\",\"name\":\"C\u00e2lin Boh\u00e8me\",\"url\":\"https:\\\/\\\/www.calinboheme.ch\\\/\",\"logo\":{\"@type\":\"ImageObject\",\"inLanguage\":\"en-GB\",\"@id\":\"https:\\\/\\\/www.calinboheme.ch\\\/#\\\/schema\\\/logo\\\/image\\\/\",\"url\":\"https:\\\/\\\/www.calinboheme.ch\\\/wp-content\\\/uploads\\\/2017\\\/09\\\/logo-2.png\",\"contentUrl\":\"https:\\\/\\\/www.calinboheme.ch\\\/wp-content\\\/uploads\\\/2017\\\/09\\\/logo-2.png\",\"width\":512,\"height\":200,\"caption\":\"C\u00e2lin Boh\u00e8me\"},\"image\":{\"@id\":\"https:\\\/\\\/www.calinboheme.ch\\\/#\\\/schema\\\/logo\\\/image\\\/\"},\"sameAs\":[\"https:\\\/\\\/www.instagram.com\\\/calinboheme\\\/\"]}]}<\/script>\n<!-- \/ Yoast SEO plugin. -->","yoast_head_json":{"title":"KitCat \/\/ Collier pour enfant chat &#187; C\u00e2lin Boh\u00e8me, Suisse","description":"KitCat \/\/ Collier pour enfant chat &#187; bijoux sensoriels, attache-lolettes et accessoires de dentition fait main en silicone et bois en Suisse par C\u00e2lin Boh\u00e8me","robots":{"index":"index","follow":"follow","max-snippet":"max-snippet:-1","max-image-preview":"max-image-preview:large","max-video-preview":"max-video-preview:-1"},"canonical":"https:\/\/www.calinboheme.ch\/en\/boutique\/bijoux-pour-enfants\/collier-enfant-silicone-bois\/kitcat-collier-non-toxique-pour-enfant-chat\/","og_locale":"en_GB","og_type":"article","og_title":"KitCat \/\/ Collier pour enfant chat &#187; C\u00e2lin Boh\u00e8me, Suisse","og_description":"KitCat \/\/ Collier pour enfant chat &#187; bijoux sensoriels, attache-lolettes et accessoires de dentition fait main en silicone et bois en Suisse par C\u00e2lin Boh\u00e8me","og_url":"https:\/\/www.calinboheme.ch\/en\/boutique\/bijoux-pour-enfants\/collier-enfant-silicone-bois\/kitcat-collier-non-toxique-pour-enfant-chat\/","og_site_name":"C\u00e2lin Boh\u00e8me","article_modified_time":"2026-03-08T03:20:50+00:00","og_image":[{"width":1920,"height":2560,"url":"https:\/\/www.calinboheme.ch\/wp-content\/uploads\/2023\/10\/KitCat-1-scaled.jpg","type":"image\/jpeg"}],"twitter_card":"summary_large_image","twitter_misc":{"Estimated reading time":"1 minute"},"schema":{"@context":"https:\/\/schema.org","@graph":[{"@type":"WebPage","@id":"https:\/\/www.calinboheme.ch\/boutique\/bijoux-pour-enfants\/collier-enfant-silicone-bois\/kitcat-collier-non-toxique-pour-enfant-chat\/","url":"https:\/\/www.calinboheme.ch\/boutique\/bijoux-pour-enfants\/collier-enfant-silicone-bois\/kitcat-collier-non-toxique-pour-enfant-chat\/","name":"KitCat \/\/ Collier pour enfant chat &#187; C\u00e2lin Boh\u00e8me, Suisse","isPartOf":{"@id":"https:\/\/www.calinboheme.ch\/#website"},"primaryImageOfPage":{"@id":"https:\/\/www.calinboheme.ch\/boutique\/bijoux-pour-enfants\/collier-enfant-silicone-bois\/kitcat-collier-non-toxique-pour-enfant-chat\/#primaryimage"},"image":{"@id":"https:\/\/www.calinboheme.ch\/boutique\/bijoux-pour-enfants\/collier-enfant-silicone-bois\/kitcat-collier-non-toxique-pour-enfant-chat\/#primaryimage"},"thumbnailUrl":"https:\/\/www.calinboheme.ch\/wp-content\/uploads\/2023\/10\/KitCat-1-scaled.jpg","datePublished":"2023-10-09T20:35:38+00:00","dateModified":"2026-03-08T03:20:50+00:00","description":"KitCat \/\/ Collier pour enfant chat &#187; bijoux sensoriels, attache-lolettes et accessoires de dentition fait main en silicone et bois en Suisse par C\u00e2lin Boh\u00e8me","breadcrumb":{"@id":"https:\/\/www.calinboheme.ch\/boutique\/bijoux-pour-enfants\/collier-enfant-silicone-bois\/kitcat-collier-non-toxique-pour-enfant-chat\/#breadcrumb"},"inLanguage":"en-GB","potentialAction":[{"@type":"ReadAction","target":["https:\/\/www.calinboheme.ch\/boutique\/bijoux-pour-enfants\/collier-enfant-silicone-bois\/kitcat-collier-non-toxique-pour-enfant-chat\/"]}]},{"@type":"ImageObject","inLanguage":"en-GB","@id":"https:\/\/www.calinboheme.ch\/boutique\/bijoux-pour-enfants\/collier-enfant-silicone-bois\/kitcat-collier-non-toxique-pour-enfant-chat\/#primaryimage","url":"https:\/\/www.calinboheme.ch\/wp-content\/uploads\/2023\/10\/KitCat-1-scaled.jpg","contentUrl":"https:\/\/www.calinboheme.ch\/wp-content\/uploads\/2023\/10\/KitCat-1-scaled.jpg","width":1920,"height":2560},{"@type":"BreadcrumbList","@id":"https:\/\/www.calinboheme.ch\/boutique\/bijoux-pour-enfants\/collier-enfant-silicone-bois\/kitcat-collier-non-toxique-pour-enfant-chat\/#breadcrumb","itemListElement":[{"@type":"ListItem","position":1,"name":"Accueil","item":"https:\/\/www.calinboheme.ch\/"},{"@type":"ListItem","position":2,"name":"Boutique","item":"https:\/\/www.calinboheme.ch\/boutique\/"},{"@type":"ListItem","position":3,"name":"Bijoux pour enfants 3+","item":"https:\/\/www.calinboheme.ch\/shop\/bijoux-pour-enfants\/"},{"@type":"ListItem","position":4,"name":"Collier pour enfants 3+","item":"https:\/\/www.calinboheme.ch\/shop\/bijoux-pour-enfants\/collier-enfant-silicone-bois\/"},{"@type":"ListItem","position":5,"name":"KitCat \/\/ Collier non toxique pour enfant chat"}]},{"@type":"WebSite","@id":"https:\/\/www.calinboheme.ch\/#website","url":"https:\/\/www.calinboheme.ch\/","name":"Bohemian Hug","description":"Sensory Jewelry, Maternity Jewelry &amp; Baby Teething Accessories","publisher":{"@id":"https:\/\/www.calinboheme.ch\/#organization"},"potentialAction":[{"@type":"SearchAction","target":{"@type":"EntryPoint","urlTemplate":"https:\/\/www.calinboheme.ch\/?s={search_term_string}"},"query-input":{"@type":"PropertyValueSpecification","valueRequired":true,"valueName":"search_term_string"}}],"inLanguage":"en-GB"},{"@type":"Organization","@id":"https:\/\/www.calinboheme.ch\/#organization","name":"Bohemian Hug","url":"https:\/\/www.calinboheme.ch\/","logo":{"@type":"ImageObject","inLanguage":"en-GB","@id":"https:\/\/www.calinboheme.ch\/#\/schema\/logo\/image\/","url":"https:\/\/www.calinboheme.ch\/wp-content\/uploads\/2017\/09\/logo-2.png","contentUrl":"https:\/\/www.calinboheme.ch\/wp-content\/uploads\/2017\/09\/logo-2.png","width":512,"height":200,"caption":"C\u00e2lin Boh\u00e8me"},"image":{"@id":"https:\/\/www.calinboheme.ch\/#\/schema\/logo\/image\/"},"sameAs":["https:\/\/www.instagram.com\/calinboheme\/"]}]}},"_links":{"self":[{"href":"https:\/\/www.calinboheme.ch\/en\/wp-json\/wp\/v2\/product\/116080","targetHints":{"allow":["GET"]}}],"collection":[{"href":"https:\/\/www.calinboheme.ch\/en\/wp-json\/wp\/v2\/product"}],"about":[{"href":"https:\/\/www.calinboheme.ch\/en\/wp-json\/wp\/v2\/types\/product"}],"replies":[{"embeddable":true,"href":"https:\/\/www.calinboheme.ch\/en\/wp-json\/wp\/v2\/comments?post=116080"}],"wp:featuredmedia":[{"embeddable":true,"href":"https:\/\/www.calinboheme.ch\/en\/wp-json\/wp\/v2\/media\/116082"}],"wp:attachment":[{"href":"https:\/\/www.calinboheme.ch\/en\/wp-json\/wp\/v2\/media?parent=116080"}],"wp:term":[{"taxonomy":"product_brand","embeddable":true,"href":"https:\/\/www.calinboheme.ch\/en\/wp-json\/wp\/v2\/product_brand?post=116080"},{"taxonomy":"product_cat","embeddable":true,"href":"https:\/\/www.calinboheme.ch\/en\/wp-json\/wp\/v2\/product_cat?post=116080"},{"taxonomy":"product_tag","embeddable":true,"href":"https:\/\/www.calinboheme.ch\/en\/wp-json\/wp\/v2\/product_tag?post=116080"}],"curies":[{"name":"wp","href":"https:\/\/api.w.org\/{rel}","templated":true}]}}